{"id":10,"date":"2025-11-30T03:52:07","date_gmt":"2025-11-30T02:52:07","guid":{"rendered":"https:\/\/tereindustry.com\/?page_id=10"},"modified":"2025-12-05T16:00:37","modified_gmt":"2025-12-05T15:00:37","slug":"a-propos","status":"publish","type":"page","link":"https:\/\/tereindustry.com\/?page_id=10","title":{"rendered":"A propos"},"content":{"rendered":"\t\t<div data-elementor-type=\"wp-page\" data-elementor-id=\"10\" class=\"elementor elementor-10\">\n\t\t\t\t<div class=\"elementor-element elementor-element-594f3b1 e-flex e-con-boxed e-con e-parent\" data-id=\"594f3b1\" data-element_type=\"container\">\n\t\t\t\t\t<div class=\"e-con-inner\">\n\t\t\t\t<div class=\"elementor-element elementor-element-fce3c57 elementor-widget elementor-widget-heading\" data-id=\"fce3c57\" data-element_type=\"widget\" data-widget_type=\"heading.default\">\n\t\t\t\t\t<h2 class=\"elementor-heading-title elementor-size-default\"><span style=\"font-size: 35px;font-style: normal;font-weight: 700;letter-spacing: normal;text-transform: none;text-align: start;float: none\">A propos- TERE INDUSTRY<\/span><\/h2>\t\t\t\t<\/div>\n\t\t\t\t\t<\/div>\n\t\t\t\t<\/div>\n\t\t<div class=\"elementor-element elementor-element-e52b734 e-con-full e-flex e-con e-parent\" data-id=\"e52b734\" data-element_type=\"container\">\n\t\t<div class=\"elementor-element elementor-element-daf0f20 e-con-full e-flex e-con e-child\" data-id=\"daf0f20\" data-element_type=\"container\">\n\t\t\t\t<div class=\"elementor-element elementor-element-b8578dc elementor-widget elementor-widget-image\" data-id=\"b8578dc\" data-element_type=\"widget\" data-widget_type=\"image.default\">\n\t\t\t\t\t\t\t\t\t\t\t\t\t\t\t<img fetchpriority=\"high\" decoding=\"async\" width=\"500\" height=\"500\" src=\"https:\/\/tereindustry.com\/wp-content\/uploads\/2025\/11\/LGO-D_00000.jpg\" class=\"attachment-large size-large wp-image-472\" alt=\"\" srcset=\"https:\/\/tereindustry.com\/wp-content\/uploads\/2025\/11\/LGO-D_00000.jpg 500w, https:\/\/tereindustry.com\/wp-content\/uploads\/2025\/11\/LGO-D_00000-300x300.jpg 300w, https:\/\/tereindustry.com\/wp-content\/uploads\/2025\/11\/LGO-D_00000-150x150.jpg 150w\" sizes=\"(max-width: 500px) 100vw, 500px\" \/>\t\t\t\t\t\t\t\t\t\t\t\t\t\t\t<\/div>\n\t\t\t\t<\/div>\n\t\t<div class=\"elementor-element elementor-element-5289c0d e-con-full e-flex e-con e-child\" data-id=\"5289c0d\" data-element_type=\"container\">\n\t\t\t\t<div class=\"elementor-element elementor-element-65eedff elementor-widget elementor-widget-text-editor\" data-id=\"65eedff\" data-element_type=\"widget\" data-widget_type=\"text-editor.default\">\n\t\t\t\t\t\t\t\t\t<p data-start=\"28\" data-end=\"419\"><strong data-start=\"28\" data-end=\"45\">TERE INDUSTRY<\/strong> est une entreprise sp\u00e9cialis\u00e9e dans les <strong data-start=\"86\" data-end=\"109\">travaux industriels<\/strong>, l\u2019<strong data-start=\"113\" data-end=\"145\">assistance organisationnelle<\/strong>, la <strong data-start=\"150\" data-end=\"175\">maintenance technique<\/strong> et la <strong data-start=\"182\" data-end=\"225\">fourniture d\u2019\u00e9quipements professionnels<\/strong>. Nous accompagnons les entreprises publiques et priv\u00e9es \u2014 des PME locales aux grands groupes \u2014 dans la conception, la r\u00e9alisation et l\u2019exploitation d\u2019infrastructures fiables, s\u00fbres et durables.<\/p><p data-start=\"28\" data-end=\"419\"><span style=\"color: #192a3d;font-size: 35px;font-weight: bold\">Notre vision<\/span><\/p><p data-start=\"444\" data-end=\"649\">\u00catre reconnu comme un partenaire industriel de r\u00e9f\u00e9rence, capable d\u2019apporter des solutions techniques innovantes et durables qui renforcent la performance op\u00e9rationnelle et la comp\u00e9titivit\u00e9 de nos clients.<\/p><hr data-start=\"651\" data-end=\"654\" \/><h2 data-start=\"656\" data-end=\"674\">Notre mission<\/h2><p data-start=\"675\" data-end=\"899\">Offrir des services industriels complets, de haute qualit\u00e9, en combinant expertise technique, solutions sur mesure et accompagnement op\u00e9rationnel : de l\u2019\u00e9tude initiale \u00e0 la mise en service, puis au suivi et \u00e0 la maintenance.<\/p>\t\t\t\t\t\t\t\t<\/div>\n\t\t\t\t<\/div>\n\t\t<div class=\"elementor-element elementor-element-baa80c6 e-con-full e-flex e-con e-child\" data-id=\"baa80c6\" data-element_type=\"container\">\n\t\t\t\t<div class=\"elementor-element elementor-element-1507fc2 elementor-widget elementor-widget-image\" data-id=\"1507fc2\" data-element_type=\"widget\" data-widget_type=\"image.default\">\n\t\t\t\t\t\t\t\t\t\t\t\t\t\t\t<img decoding=\"async\" width=\"500\" height=\"500\" src=\"https:\/\/tereindustry.com\/wp-content\/uploads\/2025\/11\/19_00000-1.jpg\" class=\"attachment-large size-large wp-image-181\" alt=\"\" srcset=\"https:\/\/tereindustry.com\/wp-content\/uploads\/2025\/11\/19_00000-1.jpg 500w, https:\/\/tereindustry.com\/wp-content\/uploads\/2025\/11\/19_00000-1-300x300.jpg 300w, https:\/\/tereindustry.com\/wp-content\/uploads\/2025\/11\/19_00000-1-150x150.jpg 150w\" sizes=\"(max-width: 500px) 100vw, 500px\" \/>\t\t\t\t\t\t\t\t\t\t\t\t\t\t\t<\/div>\n\t\t\t\t<\/div>\n\t\t\t\t<\/div>\n\t\t<div class=\"elementor-element elementor-element-2dca7d8 e-con-full e-flex e-con e-parent\" data-id=\"2dca7d8\" data-element_type=\"container\">\n\t\t<div class=\"elementor-element elementor-element-2c4b5f7 e-con-full e-flex e-con e-child\" data-id=\"2c4b5f7\" data-element_type=\"container\">\n\t\t\t\t<div class=\"elementor-element elementor-element-9ef9dcb elementor-widget elementor-widget-image\" data-id=\"9ef9dcb\" data-element_type=\"widget\" data-widget_type=\"image.default\">\n\t\t\t\t\t\t\t\t\t\t\t\t\t\t\t<img decoding=\"async\" width=\"500\" height=\"500\" src=\"https:\/\/tereindustry.com\/wp-content\/uploads\/2025\/11\/Electricien_00000.jpg\" class=\"attachment-large size-large wp-image-183\" alt=\"\" srcset=\"https:\/\/tereindustry.com\/wp-content\/uploads\/2025\/11\/Electricien_00000.jpg 500w, https:\/\/tereindustry.com\/wp-content\/uploads\/2025\/11\/Electricien_00000-300x300.jpg 300w, https:\/\/tereindustry.com\/wp-content\/uploads\/2025\/11\/Electricien_00000-150x150.jpg 150w\" sizes=\"(max-width: 500px) 100vw, 500px\" \/>\t\t\t\t\t\t\t\t\t\t\t\t\t\t\t<\/div>\n\t\t\t\t<\/div>\n\t\t<div class=\"elementor-element elementor-element-3941247 e-con-full e-flex e-con e-child\" data-id=\"3941247\" data-element_type=\"container\">\n\t\t\t\t<div class=\"elementor-element elementor-element-ad44ce3 elementor-widget elementor-widget-text-editor\" data-id=\"ad44ce3\" data-element_type=\"widget\" data-widget_type=\"text-editor.default\">\n\t\t\t\t\t\t\t\t\t<h3 data-start=\"906\" data-end=\"928\">Ce que nous faisons<\/h3><h5 data-start=\"930\" data-end=\"955\">Travaux industriels<\/h5><p data-start=\"956\" data-end=\"1175\">Planification et r\u00e9alisation d\u2019installations industrielles : installation d\u2019\u00e9quipements, montage m\u00e9canique, automatisation, modernisation d\u2019infrastructures et travaux de remise \u00e0 niveau conformes aux normes de s\u00e9curit\u00e9.<\/p><h5 data-start=\"1177\" data-end=\"1226\">Assistance organisationnelle &amp; optimisation<\/h5><p data-start=\"1227\" data-end=\"1431\">Audits techniques et organisationnels, conseil en gestion de maintenance, optimisation de flux op\u00e9rationnels et formation des \u00e9quipes pour am\u00e9liorer la productivit\u00e9 et r\u00e9duire les co\u00fbts de fonctionnement.<\/p><h5 data-start=\"1433\" data-end=\"1470\">Maintenance &amp; support technique<\/h5><p data-start=\"1471\" data-end=\"1658\">Maintenance pr\u00e9ventive et corrective, contrats de service, interventions d\u2019urgence, gestion des pi\u00e8ces d\u00e9tach\u00e9es et suivi technique \u00e0 long terme pour assurer la continuit\u00e9 d\u2019exploitation.<\/p><h5 data-start=\"1660\" data-end=\"1705\">Fourniture d\u2019\u00e9quipements professionnels<\/h5><p data-start=\"1706\" data-end=\"1872\">S\u00e9lection et fourniture d\u2019\u00e9quipements certifi\u00e9s (outillages, mat\u00e9riels industriels, pi\u00e8ces techniques), accompagn\u00e9s d\u2019un service d\u2019installation et d\u2019un suivi qualit\u00e9.<\/p><hr data-start=\"1874\" data-end=\"1877\" \/><p data-start=\"3578\" data-end=\"3819\">\u00a0<\/p>\t\t\t\t\t\t\t\t<\/div>\n\t\t\t\t<\/div>\n\t\t<div class=\"elementor-element elementor-element-b1e1154 e-con-full e-flex e-con e-child\" data-id=\"b1e1154\" data-element_type=\"container\">\n\t\t\t\t<div class=\"elementor-element elementor-element-eb5bbaa elementor-widget elementor-widget-image\" data-id=\"eb5bbaa\" data-element_type=\"widget\" data-widget_type=\"image.default\">\n\t\t\t\t\t\t\t\t\t\t\t\t\t\t\t<img loading=\"lazy\" decoding=\"async\" width=\"500\" height=\"500\" src=\"https:\/\/tereindustry.com\/wp-content\/uploads\/2025\/11\/BG_00000.jpg\" class=\"attachment-large size-large wp-image-473\" alt=\"\" srcset=\"https:\/\/tereindustry.com\/wp-content\/uploads\/2025\/11\/BG_00000.jpg 500w, https:\/\/tereindustry.com\/wp-content\/uploads\/2025\/11\/BG_00000-300x300.jpg 300w, https:\/\/tereindustry.com\/wp-content\/uploads\/2025\/11\/BG_00000-150x150.jpg 150w\" sizes=\"(max-width: 500px) 100vw, 500px\" \/>\t\t\t\t\t\t\t\t\t\t\t\t\t\t\t<\/div>\n\t\t\t\t<\/div>\n\t\t\t\t<\/div>\n\t\t<div class=\"elementor-element elementor-element-1e92b10 e-con-full e-flex e-con e-parent\" data-id=\"1e92b10\" data-element_type=\"container\">\n\t\t<div class=\"elementor-element elementor-element-ad819e2 e-con-full e-flex e-con e-child\" data-id=\"ad819e2\" data-element_type=\"container\">\n\t\t\t\t<div class=\"elementor-element elementor-element-0c27012 elementor-widget elementor-widget-image\" data-id=\"0c27012\" data-element_type=\"widget\" data-widget_type=\"image.default\">\n\t\t\t\t\t\t\t\t\t\t\t\t\t\t\t<img loading=\"lazy\" decoding=\"async\" width=\"500\" height=\"500\" src=\"https:\/\/tereindustry.com\/wp-content\/uploads\/2025\/11\/Energie-solaire_00000.jpg\" class=\"attachment-large size-large wp-image-478\" alt=\"\" srcset=\"https:\/\/tereindustry.com\/wp-content\/uploads\/2025\/11\/Energie-solaire_00000.jpg 500w, https:\/\/tereindustry.com\/wp-content\/uploads\/2025\/11\/Energie-solaire_00000-300x300.jpg 300w, https:\/\/tereindustry.com\/wp-content\/uploads\/2025\/11\/Energie-solaire_00000-150x150.jpg 150w\" sizes=\"(max-width: 500px) 100vw, 500px\" \/>\t\t\t\t\t\t\t\t\t\t\t\t\t\t\t<\/div>\n\t\t\t\t<\/div>\n\t\t<div class=\"elementor-element elementor-element-7906239 e-con-full e-flex e-con e-child\" data-id=\"7906239\" data-element_type=\"container\">\n\t\t\t\t<div class=\"elementor-element elementor-element-b61db5a elementor-widget elementor-widget-text-editor\" data-id=\"b61db5a\" data-element_type=\"widget\" data-widget_type=\"text-editor.default\">\n\t\t\t\t\t\t\t\t\t<h4 data-start=\"1879\" data-end=\"1905\">Pourquoi nous choisir ?<\/h4><ul data-start=\"1907\" data-end=\"2817\"><li data-start=\"1907\" data-end=\"2062\"><p data-start=\"1909\" data-end=\"2062\"><strong data-start=\"1909\" data-end=\"1941\">Expertise technique reconnue<\/strong><br data-start=\"1941\" data-end=\"1944\" \/>Une \u00e9quipe d\u2019ing\u00e9nieurs et de techniciens exp\u00e9riment\u00e9s, form\u00e9s aux bonnes pratiques et aux standards internationaux.<\/p><\/li><li data-start=\"2064\" data-end=\"2231\"><p data-start=\"2066\" data-end=\"2231\"><strong data-start=\"2066\" data-end=\"2094\">Solutions personnalis\u00e9es<\/strong><br data-start=\"2094\" data-end=\"2097\" \/>Nous analysons vos contraintes (budget, environnement, calendrier) pour concevoir des solutions adapt\u00e9es \u00e0 votre secteur d\u2019activit\u00e9.<\/p><\/li><li data-start=\"2233\" data-end=\"2376\"><p data-start=\"2235\" data-end=\"2376\"><strong data-start=\"2235\" data-end=\"2268\">Fiabilit\u00e9 &amp; professionnalisme<\/strong><br data-start=\"2268\" data-end=\"2271\" \/>Respect des engagements, transparence dans la gestion de projets et livraison dans les d\u00e9lais convenus.<\/p><\/li><li data-start=\"2378\" data-end=\"2510\"><p data-start=\"2380\" data-end=\"2510\"><strong data-start=\"2380\" data-end=\"2415\">Mat\u00e9riels certifi\u00e9s et durables<\/strong><br data-start=\"2415\" data-end=\"2418\" \/>Partenariats avec des fournisseurs fiables et s\u00e9lection rigoureuse d\u2019\u00e9quipements \u00e9prouv\u00e9s.<\/p><\/li><li data-start=\"2512\" data-end=\"2652\"><p data-start=\"2514\" data-end=\"2652\"><strong data-start=\"2514\" data-end=\"2540\">Accompagnement complet<\/strong><br data-start=\"2540\" data-end=\"2543\" \/>Prise en charge int\u00e9grale : \u00e9tude, conception, installation, formation, maintenance et service apr\u00e8s-vente.<\/p><\/li><li data-start=\"2654\" data-end=\"2817\"><p data-start=\"2656\" data-end=\"2817\"><strong data-start=\"2656\" data-end=\"2689\">Engagement qualit\u00e9 &amp; s\u00e9curit\u00e9<\/strong><br data-start=\"2689\" data-end=\"2692\" \/>Proc\u00e9dures de contr\u00f4le strictes, respect des normes HSE et culture de pr\u00e9vention pour prot\u00e9ger les personnes et les actifs.<\/p><\/li><\/ul>\t\t\t\t\t\t\t\t<\/div>\n\t\t\t\t<\/div>\n\t\t<div class=\"elementor-element elementor-element-aed9c0f e-con-full e-flex e-con e-child\" data-id=\"aed9c0f\" data-element_type=\"container\">\n\t\t\t\t<div class=\"elementor-element elementor-element-046761f elementor-widget elementor-widget-image\" data-id=\"046761f\" data-element_type=\"widget\" data-widget_type=\"image.default\">\n\t\t\t\t\t\t\t\t\t\t\t\t\t\t\t<img loading=\"lazy\" decoding=\"async\" width=\"500\" height=\"500\" src=\"https:\/\/tereindustry.com\/wp-content\/uploads\/2025\/11\/Tuyo-N_00000.jpg\" class=\"attachment-large size-large wp-image-186\" alt=\"\" srcset=\"https:\/\/tereindustry.com\/wp-content\/uploads\/2025\/11\/Tuyo-N_00000.jpg 500w, https:\/\/tereindustry.com\/wp-content\/uploads\/2025\/11\/Tuyo-N_00000-300x300.jpg 300w, https:\/\/tereindustry.com\/wp-content\/uploads\/2025\/11\/Tuyo-N_00000-150x150.jpg 150w\" sizes=\"(max-width: 500px) 100vw, 500px\" \/>\t\t\t\t\t\t\t\t\t\t\t\t\t\t\t<\/div>\n\t\t\t\t<\/div>\n\t\t\t\t<\/div>\n\t\t<div class=\"elementor-element elementor-element-ab34d33 e-con-full e-flex e-con e-parent\" data-id=\"ab34d33\" data-element_type=\"container\">\n\t\t<div class=\"elementor-element elementor-element-0016759 e-con-full e-flex e-con e-child\" data-id=\"0016759\" data-element_type=\"container\">\n\t\t\t\t<div class=\"elementor-element elementor-element-6828d3f elementor-widget elementor-widget-image\" data-id=\"6828d3f\" data-element_type=\"widget\" data-widget_type=\"image.default\">\n\t\t\t\t\t\t\t\t\t\t\t\t\t\t\t<img loading=\"lazy\" decoding=\"async\" width=\"500\" height=\"500\" src=\"https:\/\/tereindustry.com\/wp-content\/uploads\/2025\/11\/17_00000-1.jpg\" class=\"attachment-large size-large wp-image-179\" alt=\"\" srcset=\"https:\/\/tereindustry.com\/wp-content\/uploads\/2025\/11\/17_00000-1.jpg 500w, https:\/\/tereindustry.com\/wp-content\/uploads\/2025\/11\/17_00000-1-300x300.jpg 300w, https:\/\/tereindustry.com\/wp-content\/uploads\/2025\/11\/17_00000-1-150x150.jpg 150w\" sizes=\"(max-width: 500px) 100vw, 500px\" \/>\t\t\t\t\t\t\t\t\t\t\t\t\t\t\t<\/div>\n\t\t\t\t<\/div>\n\t\t<div class=\"elementor-element elementor-element-d1a8e2f e-con-full e-flex e-con e-child\" data-id=\"d1a8e2f\" data-element_type=\"container\">\n\t\t\t\t<div class=\"elementor-element elementor-element-e53150f elementor-widget elementor-widget-text-editor\" data-id=\"e53150f\" data-element_type=\"widget\" data-widget_type=\"text-editor.default\">\n\t\t\t\t\t\t\t\t\t<h5 data-start=\"2824\" data-end=\"2838\">Nos valeurs<\/h5><ul data-start=\"2839\" data-end=\"3243\"><li data-start=\"2839\" data-end=\"2913\"><p data-start=\"2841\" data-end=\"2913\"><strong data-start=\"2841\" data-end=\"2852\">Rigueur<\/strong> : m\u00e9thodologie claire et suivi rigoureux de chaque projet.<\/p><\/li><li data-start=\"2914\" data-end=\"2993\"><p data-start=\"2916\" data-end=\"2993\"><strong data-start=\"2916\" data-end=\"2929\">Proximit\u00e9<\/strong> : \u00e9coute active et relation personnalis\u00e9e avec chaque client.<\/p><\/li><li data-start=\"2994\" data-end=\"3074\"><p data-start=\"2996\" data-end=\"3074\"><strong data-start=\"2996\" data-end=\"3010\">Innovation<\/strong> : adoption progressive des technologies et m\u00e9thodes modernes.<\/p><\/li><li data-start=\"3075\" data-end=\"3151\"><p data-start=\"3077\" data-end=\"3151\"><strong data-start=\"3077\" data-end=\"3090\">Int\u00e9grit\u00e9<\/strong> : transparence, respect des engagements et responsabilit\u00e9.<\/p><\/li><li data-start=\"3152\" data-end=\"3243\"><p data-start=\"3154\" data-end=\"3243\"><strong data-start=\"3154\" data-end=\"3183\">Excellence op\u00e9rationnelle<\/strong> : volont\u00e9 constante d\u2019am\u00e9liorer nos pratiques et r\u00e9sultats.<\/p><\/li><\/ul><hr data-start=\"3245\" data-end=\"3248\" \/><h5 data-start=\"3250\" data-end=\"3275\">\u00c9quipe &amp; comp\u00e9tences<\/h5><p data-start=\"3276\" data-end=\"3539\">TERE INDUSTRY r\u00e9unit des profils compl\u00e9mentaires : ing\u00e9nieurs, chefs de projet, techniciens qualifi\u00e9s et sp\u00e9cialistes HSE. Nous encourageons la formation continue afin de maintenir un haut niveau de comp\u00e9tence et r\u00e9pondre aux \u00e9volutions technologiques du secteur.<\/p><hr data-start=\"3541\" data-end=\"3544\" \/><h5 data-start=\"3546\" data-end=\"3577\">Engagement environnemental<\/h5><p data-start=\"3578\" data-end=\"3819\">Nous int\u00e9grons des pratiques responsables : s\u00e9lection de mat\u00e9riels \u00e9conomes, proc\u00e9dures limitant les d\u00e9chets et optimisation \u00e9nerg\u00e9tique des installations lorsque c\u2019est possible, afin de r\u00e9duire l\u2019impact environnemental de nos interventions.<\/p><p>.<\/p>\t\t\t\t\t\t\t\t<\/div>\n\t\t\t\t<\/div>\n\t\t<div class=\"elementor-element elementor-element-9ca65c9 e-con-full e-flex e-con e-child\" data-id=\"9ca65c9\" data-element_type=\"container\">\n\t\t\t\t<div class=\"elementor-element elementor-element-dbcb6fc elementor-widget elementor-widget-image\" data-id=\"dbcb6fc\" data-element_type=\"widget\" data-widget_type=\"image.default\">\n\t\t\t\t\t\t\t\t\t\t\t\t\t\t\t<img loading=\"lazy\" decoding=\"async\" width=\"500\" height=\"500\" src=\"https:\/\/tereindustry.com\/wp-content\/uploads\/2025\/11\/Clou_00000.jpg\" class=\"attachment-large size-large wp-image-182\" alt=\"\" srcset=\"https:\/\/tereindustry.com\/wp-content\/uploads\/2025\/11\/Clou_00000.jpg 500w, https:\/\/tereindustry.com\/wp-content\/uploads\/2025\/11\/Clou_00000-300x300.jpg 300w, https:\/\/tereindustry.com\/wp-content\/uploads\/2025\/11\/Clou_00000-150x150.jpg 150w\" sizes=\"(max-width: 500px) 100vw, 500px\" \/>\t\t\t\t\t\t\t\t\t\t\t\t\t\t\t<\/div>\n\t\t\t\t<\/div>\n\t\t\t\t<\/div>\n\t\t\t\t<\/div>\n\t\t","protected":false},"excerpt":{"rendered":"<p>A propos- TERE INDUSTRY TERE INDUSTRY est une entreprise sp\u00e9cialis\u00e9e dans les travaux industriels, l\u2019assistance organisationnelle, la maintenance technique et la fourniture d\u2019\u00e9quipements professionnels. Nous accompagnons les entreprises publiques et priv\u00e9es \u2014 des PME locales aux grands groupes \u2014 dans la conception, la r\u00e9alisation et l\u2019exploitation d\u2019infrastructures fiables, s\u00fbres et durables. Notre vision \u00catre reconnu [&hellip;]<\/p>\n","protected":false},"author":1,"featured_media":0,"parent":0,"menu_order":0,"comment_status":"closed","ping_status":"closed","template":"","meta":{"footnotes":""},"class_list":["post-10","page","type-page","status-publish","hentry"],"blocksy_meta":[],"_links":{"self":[{"href":"https:\/\/tereindustry.com\/index.php?rest_route=\/wp\/v2\/pages\/10","targetHints":{"allow":["GET"]}}],"collection":[{"href":"https:\/\/tereindustry.com\/index.php?rest_route=\/wp\/v2\/pages"}],"about":[{"href":"https:\/\/tereindustry.com\/index.php?rest_route=\/wp\/v2\/types\/page"}],"author":[{"embeddable":true,"href":"https:\/\/tereindustry.com\/index.php?rest_route=\/wp\/v2\/users\/1"}],"replies":[{"embeddable":true,"href":"https:\/\/tereindustry.com\/index.php?rest_route=%2Fwp%2Fv2%2Fcomments&post=10"}],"version-history":[{"count":25,"href":"https:\/\/tereindustry.com\/index.php?rest_route=\/wp\/v2\/pages\/10\/revisions"}],"predecessor-version":[{"id":600,"href":"https:\/\/tereindustry.com\/index.php?rest_route=\/wp\/v2\/pages\/10\/revisions\/600"}],"wp:attachment":[{"href":"https:\/\/tereindustry.com\/index.php?rest_route=%2Fwp%2Fv2%2Fmedia&parent=10"}],"curies":[{"name":"wp","href":"https:\/\/api.w.org\/{rel}","templated":true}]}}